{"id":33379,"date":"2024-02-02T17:02:06","date_gmt":"2024-02-02T16:02:06","guid":{"rendered":"https:\/\/www.recruto.se\/book-a-demo\/"},"modified":"2024-02-02T17:02:08","modified_gmt":"2024-02-02T16:02:08","slug":"book-a-demo","status":"publish","type":"page","link":"https:\/\/www.recruto.se\/en\/book-a-demo\/","title":{"rendered":"Book a demo"},"content":{"rendered":"\t\t<div data-elementor-type=\"wp-page\" data-elementor-id=\"33379\" class=\"elementor elementor-33379 elementor-6973\" data-elementor-post-type=\"page\">\n\t\t\t\t<div class=\"elementor-element elementor-element-2539be0 e-flex e-con-boxed e-con e-parent\" data-id=\"2539be0\" data-element_type=\"container\" data-e-type=\"container\" data-settings=\"{&quot;background_background&quot;:&quot;classic&quot;}\">\n\t\t\t\t\t<div class=\"e-con-inner\">\n\t\t\t\t<div class=\"elementor-element elementor-element-ba1c87a elementor-widget elementor-widget-heading\" data-id=\"ba1c87a\" data-element_type=\"widget\" data-e-type=\"widget\" data-widget_type=\"heading.default\">\n\t\t\t\t<div class=\"elementor-widget-container\">\n\t\t\t\t\t<h2 class=\"elementor-heading-title elementor-size-default\">Book a demo<\/h2>\t\t\t\t<\/div>\n\t\t\t\t<\/div>\n\t\t\t\t<div class=\"elementor-element elementor-element-ee1cdbb elementor-widget elementor-widget-text-editor\" data-id=\"ee1cdbb\" data-element_type=\"widget\" data-e-type=\"widget\" data-widget_type=\"text-editor.default\">\n\t\t\t\t<div class=\"elementor-widget-container\">\n\t\t\t\t\t\t\t\t\t<p>Beh\u00f6ver ditt f\u00f6retag ett rekryteringsverktyg eller bemanningssystem? Genom att boka en demo av Recruto\u00b4s verktyg f\u00e5r du snabbt en bild funktion och design. V\u00e5ra verktyg \u00e4r intuitiva och enkla att anv\u00e4nda. V\u00e5r demo ger dig ocks\u00e5 m\u00f6jlighet att l\u00e4ra k\u00e4nna v\u00e5rt system och dess funktioner p\u00e5 ett detaljerat s\u00e4tt. N\u00e5gon av v\u00e5ra experter visar dig hur du kan dra nytta av Recruto\u00b4s unika funktioner f\u00f6r att f\u00f6rb\u00e4ttra era processer och spara tid och pengar i ditt f\u00f6retag.<\/p>\n\t\t\t\t\t\t\t\t<\/div>\n\t\t\t\t<\/div>\n\t\t\t\t\t<\/div>\n\t\t\t\t<\/div>\n\t\t\t\t<section class=\"elementor-section elementor-top-section elementor-element elementor-element-70effd6 elementor-section-full_width elementor-section-height-default elementor-section-height-default\" data-id=\"70effd6\" data-element_type=\"section\" data-e-type=\"section\">\n\t\t\t\t\t\t<div class=\"elementor-container elementor-column-gap-default\">\n\t\t\t\t\t<div class=\"elementor-column elementor-col-100 elementor-top-column elementor-element elementor-element-cd6892e\" data-id=\"cd6892e\" data-element_type=\"column\" data-e-type=\"column\">\n\t\t\t<div class=\"elementor-widget-wrap elementor-element-populated\">\n\t\t\t\t\t\t<div class=\"elementor-element elementor-element-6a125c3 elementor-widget elementor-widget-html\" data-id=\"6a125c3\" data-element_type=\"widget\" data-e-type=\"widget\" data-widget_type=\"html.default\">\n\t\t\t\t<div class=\"elementor-widget-container\">\n\t\t\t\t\t<iframe data-src='https:\/\/outlook.office365.com\/owa\/calendar\/Recruto3@recruto.io\/bookings\/' width='100%' height='2000'scrolling='yes' style='border:0' src='data:image\/svg+xml;base64,PHN2ZyB3aWR0aD0iMSIgaGVpZ2h0PSIxIiB4bWxucz0iaHR0cDovL3d3dy53My5vcmcvMjAwMC9zdmciPjwvc3ZnPg==' class='lazyload' data-load-mode='1'><\/iframe>\t\t\t\t<\/div>\n\t\t\t\t<\/div>\n\t\t\t\t\t<\/div>\n\t\t<\/div>\n\t\t\t\t\t<\/div>\n\t\t<\/section>\n\t\t\t\t<\/div>\n\t\t","protected":false},"excerpt":{"rendered":"<p>Book a demo Beh\u00f6ver ditt f\u00f6retag ett rekryteringsverktyg eller bemanningssystem? Genom att boka en demo av Recruto\u00b4s verktyg f\u00e5r du snabbt en bild funktion och design. V\u00e5ra verktyg \u00e4r intuitiva och enkla att anv\u00e4nda. V\u00e5r demo ger dig ocks\u00e5 m\u00f6jlighet att l\u00e4ra k\u00e4nna v\u00e5rt system och dess funktioner p\u00e5 ett detaljerat s\u00e4tt. N\u00e5gon av v\u00e5ra [&hellip;]<\/p>\n","protected":false},"author":6,"featured_media":0,"parent":0,"menu_order":0,"comment_status":"closed","ping_status":"closed","template":"","meta":{"_acf_changed":false,"footnotes":""},"class_list":["post-33379","page","type-page","status-publish","hentry"],"acf":[],"_links":{"self":[{"href":"https:\/\/www.recruto.se\/en\/wp-json\/wp\/v2\/pages\/33379","targetHints":{"allow":["GET"]}}],"collection":[{"href":"https:\/\/www.recruto.se\/en\/wp-json\/wp\/v2\/pages"}],"about":[{"href":"https:\/\/www.recruto.se\/en\/wp-json\/wp\/v2\/types\/page"}],"author":[{"embeddable":true,"href":"https:\/\/www.recruto.se\/en\/wp-json\/wp\/v2\/users\/6"}],"replies":[{"embeddable":true,"href":"https:\/\/www.recruto.se\/en\/wp-json\/wp\/v2\/comments?post=33379"}],"version-history":[{"count":0,"href":"https:\/\/www.recruto.se\/en\/wp-json\/wp\/v2\/pages\/33379\/revisions"}],"wp:attachment":[{"href":"https:\/\/www.recruto.se\/en\/wp-json\/wp\/v2\/media?parent=33379"}],"curies":[{"name":"wp","href":"https:\/\/api.w.org\/{rel}","templated":true}]}}