{"id":3091,"date":"2020-03-09T13:31:17","date_gmt":"2020-03-09T12:31:17","guid":{"rendered":"https:\/\/www.recruto.se\/staff-staffing-management-tool\/staffing-system-this-is-how-staff-works\/"},"modified":"2024-02-02T17:00:12","modified_gmt":"2024-02-02T16:00:12","slug":"staffing-system-this-is-how-staff-works","status":"publish","type":"page","link":"https:\/\/www.recruto.se\/en\/staff-staffing-management-tool\/staffing-system-this-is-how-staff-works\/","title":{"rendered":"Staffing system \u2013 This is how Staff works"},"content":{"rendered":"\t\t<div data-elementor-type=\"wp-post\" data-elementor-id=\"3091\" class=\"elementor elementor-3091 elementor-1527\" data-elementor-post-type=\"page\">\n\t\t\t\t<div class=\"elementor-element elementor-element-12b54bed e-flex e-con-boxed e-con e-parent\" data-id=\"12b54bed\" data-element_type=\"container\" data-e-type=\"container\" data-settings=\"{&quot;background_background&quot;:&quot;classic&quot;}\">\n\t\t\t\t\t<div class=\"e-con-inner\">\n\t\t\t\t<div class=\"elementor-element elementor-element-5f9f89e2 elementor-widget elementor-widget-heading\" data-id=\"5f9f89e2\" data-element_type=\"widget\" data-e-type=\"widget\" data-widget_type=\"heading.default\">\n\t\t\t\t<div class=\"elementor-widget-container\">\n\t\t\t\t\t<h2 class=\"elementor-heading-title elementor-size-default\">Employment as needed with Recruto<\/h2>\t\t\t\t<\/div>\n\t\t\t\t<\/div>\n\t\t\t\t<div class=\"elementor-element elementor-element-6904d6b1 elementor-widget elementor-widget-text-editor\" data-id=\"6904d6b1\" data-element_type=\"widget\" data-e-type=\"widget\" data-widget_type=\"text-editor.default\">\n\t\t\t\t<div class=\"elementor-widget-container\">\n\t\t\t\t\t\t\t\t\t<p>P\u00e5 denna sida kommer du att f\u00e5 l\u00e4ra dig mer om Recrutos Bemanningssytem och dess unika funktioner. <br \/>L\u00e4s vidare f\u00f6r att se hur Recruto kan hj\u00e4lpa dig\u00a0behovsanst\u00e4llning.<\/p>\n\t\t\t\t\t\t\t\t<\/div>\n\t\t\t\t<\/div>\n\t\t\t\t<div class=\"elementor-element elementor-element-5cdfd76 elementor-widget elementor-widget-button\" data-id=\"5cdfd76\" data-element_type=\"widget\" data-e-type=\"widget\" data-widget_type=\"button.default\">\n\t\t\t\t<div class=\"elementor-widget-container\">\n\t\t\t\t\t\t\t\t\t<div class=\"elementor-button-wrapper\">\n\t\t\t\t\t<a class=\"elementor-button elementor-button-link elementor-size-sm\" href=\"https:\/\/www.recruto.se\/boka-en-demo\/\">\n\t\t\t\t\t\t<span class=\"elementor-button-content-wrapper\">\n\t\t\t\t\t\t\t\t\t<span class=\"elementor-button-text\">Book a demo<\/span>\n\t\t\t\t\t<\/span>\n\t\t\t\t\t<\/a>\n\t\t\t\t<\/div>\n\t\t\t\t\t\t\t\t<\/div>\n\t\t\t\t<\/div>\n\t\t\t\t\t<\/div>\n\t\t\t\t<\/div>\n\t\t<div class=\"elementor-element elementor-element-7c4827f e-flex e-con-boxed e-con e-parent\" data-id=\"7c4827f\" data-element_type=\"container\" data-e-type=\"container\">\n\t\t\t\t\t<div class=\"e-con-inner\">\n\t\t<div class=\"elementor-element elementor-element-79f3a50 e-flex e-con-boxed e-con e-child\" data-id=\"79f3a50\" data-element_type=\"container\" data-e-type=\"container\">\n\t\t\t\t\t<div class=\"e-con-inner\">\n\t\t\t\t<div class=\"elementor-element elementor-element-22e449f elementor-widget elementor-widget-heading\" data-id=\"22e449f\" data-element_type=\"widget\" data-e-type=\"widget\" data-widget_type=\"heading.default\">\n\t\t\t\t<div class=\"elementor-widget-container\">\n\t\t\t\t\t<h2 class=\"elementor-heading-title elementor-size-default\">Simplify, streamline and quality-ensure the placement of your extra staff.<\/h2>\t\t\t\t<\/div>\n\t\t\t\t<\/div>\n\t\t\t\t<div class=\"elementor-element elementor-element-c45e1cd elementor-widget elementor-widget-text-editor\" data-id=\"c45e1cd\" data-element_type=\"widget\" data-e-type=\"widget\" data-widget_type=\"text-editor.default\">\n\t\t\t\t<div class=\"elementor-widget-container\">\n\t\t\t\t\t\t\t\t\t<p><strong>Recrutos bemanningsysstem<\/strong>\u00a0s\u00e4kerst\u00e4ller att det alltid finns tillr\u00e4ckligt med resurser p\u00e5 samtliga enheter. Det g\u00f6r att du kan spara b\u00e5de tid och pengar som ist\u00e4llet kan anv\u00e4ndas f\u00f6r att h\u00f6ja kvaliteten i \u00f6vrig verksamhet.<\/p>\n<p>Genom analys av den statistik som finns samlad i verktyget f\u00e5r du som ansvarig ett bra underlag f\u00f6r uppf\u00f6ljning, styrning och beslutsfattande. Dessutom s\u00e4kerst\u00e4ller kontrollfunktioner att alla vikarier som finns i databasen uppfyller de krav och beh\u00f6righeter som kr\u00e4vs. P\u00e5 s\u00e5 s\u00e4tt ger systemet tillf\u00f6rlitliga och tr\u00e4ffs\u00e4kra vikarief\u00f6rslag.<\/p>\n<p>Vi har ett modernt och flexibelt bemanningssystem som utan sv\u00e5righet kan skr\u00e4ddarsys efter verksamhetens specifika behov och med f\u00f6rdel anv\u00e4ndas tillsammans med v\u00e5rt <a href=\"https:\/\/www.recruto.se\/rekryteringsverktyg-erek\/\">rekryteringsverktyg<\/a>.<\/p>\n\t\t\t\t\t\t\t\t<\/div>\n\t\t\t\t<\/div>\n\t\t\t\t\t<\/div>\n\t\t\t\t<\/div>\n\t\t<div class=\"elementor-element elementor-element-0231edb e-flex e-con-boxed elementor-invisible e-con e-child\" data-id=\"0231edb\" data-element_type=\"container\" data-e-type=\"container\" data-settings=\"{&quot;animation&quot;:&quot;fadeIn&quot;}\">\n\t\t\t\t\t<div class=\"e-con-inner\">\n\t\t\t\t<div class=\"elementor-element elementor-element-5030b6d elementor-widget elementor-widget-image\" data-id=\"5030b6d\" data-element_type=\"widget\" data-e-type=\"widget\" data-widget_type=\"image.default\">\n\t\t\t\t<div class=\"elementor-widget-container\">\n\t\t\t\t\t\t\t\t\t\t\t\t\t\t\t<img fetchpriority=\"high\" decoding=\"async\" width=\"800\" height=\"707\" src=\"https:\/\/www.recruto.se\/wp\/wp-content\/uploads\/2024\/01\/RecrutoSmsModal.png\" class=\"attachment-large size-large wp-image-33184\" alt=\"\" srcset=\"https:\/\/www.recruto.se\/wp\/wp-content\/uploads\/2024\/01\/RecrutoSmsModal.png 800w, https:\/\/www.recruto.se\/wp\/wp-content\/uploads\/2024\/01\/RecrutoSmsModal-362x320.png 362w, https:\/\/www.recruto.se\/wp\/wp-content\/uploads\/2024\/01\/RecrutoSmsModal-768x679.png 768w\" sizes=\"(max-width: 800px) 100vw, 800px\" \/>\t\t\t\t\t\t\t\t\t\t\t\t\t\t\t<\/div>\n\t\t\t\t<\/div>\n\t\t\t\t\t<\/div>\n\t\t\t\t<\/div>\n\t\t\t\t\t<\/div>\n\t\t\t\t<\/div>\n\t\t<div class=\"elementor-element elementor-element-00d98c9 e-flex e-con-boxed e-con e-parent\" data-id=\"00d98c9\" data-element_type=\"container\" data-e-type=\"container\">\n\t\t\t\t\t<div class=\"e-con-inner\">\n\t\t<div class=\"elementor-element elementor-element-85a028c e-flex e-con-boxed e-con e-child\" data-id=\"85a028c\" data-element_type=\"container\" data-e-type=\"container\">\n\t\t\t\t\t<div class=\"e-con-inner\">\n\t\t<div class=\"elementor-element elementor-element-daae19d e-flex e-con-boxed e-con e-child\" data-id=\"daae19d\" data-element_type=\"container\" data-e-type=\"container\">\n\t\t\t\t\t<div class=\"e-con-inner\">\n\t\t\t\t<div class=\"elementor-element elementor-element-0973402 elementor-widget elementor-widget-heading\" data-id=\"0973402\" data-element_type=\"widget\" data-e-type=\"widget\" data-widget_type=\"heading.default\">\n\t\t\t\t<div class=\"elementor-widget-container\">\n\t\t\t\t\t<h2 class=\"elementor-heading-title elementor-size-default\">How does demand employment work with the staffing system?<\/h2>\t\t\t\t<\/div>\n\t\t\t\t<\/div>\n\t\t\t\t<div class=\"elementor-element elementor-element-f7c4867 elementor-widget elementor-widget-image\" data-id=\"f7c4867\" data-element_type=\"widget\" data-e-type=\"widget\" data-widget_type=\"image.default\">\n\t\t\t\t<div class=\"elementor-widget-container\">\n\t\t\t\t\t\t\t\t\t\t\t\t\t\t\t<img decoding=\"async\" width=\"800\" height=\"534\" data-src=\"https:\/\/www.recruto.se\/wp\/wp-content\/uploads\/2024\/01\/Bjudinpersonal-1024x683.png\" class=\"attachment-large size-large wp-image-33188 lazyload\" alt=\"\" data-srcset=\"https:\/\/www.recruto.se\/wp\/wp-content\/uploads\/2024\/01\/Bjudinpersonal-1024x683.png 1024w, https:\/\/www.recruto.se\/wp\/wp-content\/uploads\/2024\/01\/Bjudinpersonal-362x241.png 362w, https:\/\/www.recruto.se\/wp\/wp-content\/uploads\/2024\/01\/Bjudinpersonal-768x512.png 768w, https:\/\/www.recruto.se\/wp\/wp-content\/uploads\/2024\/01\/Bjudinpersonal.png 1200w\" data-sizes=\"(max-width: 800px) 100vw, 800px\" src=\"data:image\/svg+xml;base64,PHN2ZyB3aWR0aD0iMSIgaGVpZ2h0PSIxIiB4bWxucz0iaHR0cDovL3d3dy53My5vcmcvMjAwMC9zdmciPjwvc3ZnPg==\" style=\"--smush-placeholder-width: 800px; --smush-placeholder-aspect-ratio: 800\/534;\" \/>\t\t\t\t\t\t\t\t\t\t\t\t\t\t\t<\/div>\n\t\t\t\t<\/div>\n\t\t\t\t\t<\/div>\n\t\t\t\t<\/div>\n\t\t<div class=\"elementor-element elementor-element-5288754 e-con-full e-flex e-con e-child\" data-id=\"5288754\" data-element_type=\"container\" data-e-type=\"container\">\n\t\t\t\t<div class=\"elementor-element elementor-element-5c4321d elementor-widget elementor-widget-text-editor\" data-id=\"5c4321d\" data-element_type=\"widget\" data-e-type=\"widget\" data-widget_type=\"text-editor.default\">\n\t\t\t\t<div class=\"elementor-widget-container\">\n\t\t\t\t\t\t\t\t\t<p>Som arbetsgivare bjuder du in din extrapersonal till v\u00e5rt bemanningssystem som enkelt aktiverar sina profiler och fyller i sina schema f\u00f6r att visa vilka dagar och tider de \u00e4r tillg\u00e4ngliga att jobba. Fram\u00f6ver slipper du ringa on\u00f6diga samtal eftersom du enkelt kan se vilka personer i din extrapersonal-pool som \u00e4r tillg\u00e4nglig f\u00f6r arbete. Din personal kan f\u00f6rutom att fylla i sin lediga tid via datorn \u00e4ven ladda ner en app d\u00e4r de kan uppdatera sin tillg\u00e4nglighet, se sina bokningar och f\u00e5 information om lediga pass via sin smartphone.<\/p>\n<p>Matcha fram ledig personal genom bemanningsverktyget och v\u00e4lj att skicka ut f\u00f6rfr\u00e5gningar eller boka direkt. Oavsett om det \u00e4r en f\u00f6rfr\u00e5gan eller en direkt-bokning informeras din personal automatiskt via appen.\u00a0 Du kan ut\u00f6ver information via appen ocks\u00e5 v\u00e4lja att meddela din personal via epost och sms. En f\u00f6rdel n\u00e4r du anv\u00e4nder Staff \u00e4r att du kan kontakta och boka flera samtidigt utan att beh\u00f6va ringa runt. N\u00e4r du skapar en f\u00f6rfr\u00e5gan kan du ocks\u00e5 m\u00f6jligg\u00f6ra f\u00f6r din personal att kunna intresseanm\u00e4la eller boka sig sj\u00e4lv till olika pass.<\/p>\n\t\t\t\t\t\t\t\t<\/div>\n\t\t\t\t<\/div>\n\t\t\t\t<\/div>\n\t\t\t\t\t<\/div>\n\t\t\t\t<\/div>\n\t\t\t\t\t<\/div>\n\t\t\t\t<\/div>\n\t\t<div class=\"elementor-element elementor-element-4a62f7f e-flex e-con-boxed e-con e-parent\" data-id=\"4a62f7f\" data-element_type=\"container\" data-e-type=\"container\">\n\t\t\t\t\t<div class=\"e-con-inner\">\n\t\t\t\t<div class=\"elementor-element elementor-element-f510fe6 elementor-widget elementor-widget-heading\" data-id=\"f510fe6\" data-element_type=\"widget\" data-e-type=\"widget\" data-widget_type=\"heading.default\">\n\t\t\t\t<div class=\"elementor-widget-container\">\n\t\t\t\t\t<h2 class=\"elementor-heading-title elementor-size-default\">Affordable<\/h2>\t\t\t\t<\/div>\n\t\t\t\t<\/div>\n\t\t\t\t<div class=\"elementor-element elementor-element-42d59d7 elementor-widget elementor-widget-text-editor\" data-id=\"42d59d7\" data-element_type=\"widget\" data-e-type=\"widget\" data-widget_type=\"text-editor.default\">\n\t\t\t\t<div class=\"elementor-widget-container\">\n\t\t\t\t\t\t\t\t\t<p>Recruto har en betalmodell som passar b\u00e5de sm\u00e5 och stora f\u00f6retag. Grundavgiften \u00e4r den samma f\u00f6r alla oavsett storlek men beroende p\u00e5 hur m\u00e5nga anv\u00e4ndare\/arbetsplatser som ska ha tillg\u00e5ng till verktyget varierar kostnaden. Det \u00e4r enkelt att l\u00e4gga till men ocks\u00e5 enkelt att ta bort anv\u00e4ndare och arbetsplatser. F\u00f6r den extrapersonal som ska bemannas genom verktyget utg\u00e5r ingen kostnad.<\/p>\n\t\t\t\t\t\t\t\t<\/div>\n\t\t\t\t<\/div>\n\t\t\t\t\t<\/div>\n\t\t\t\t<\/div>\n\t\t<div class=\"elementor-element elementor-element-22587c4 e-flex e-con-boxed e-con e-parent\" data-id=\"22587c4\" data-element_type=\"container\" data-e-type=\"container\" data-settings=\"{&quot;background_background&quot;:&quot;classic&quot;}\">\n\t\t\t\t\t<div class=\"e-con-inner\">\n\t\t<div class=\"elementor-element elementor-element-8d7d41a e-con-full e-flex e-con e-child\" data-id=\"8d7d41a\" data-element_type=\"container\" data-e-type=\"container\" data-settings=\"{&quot;background_background&quot;:&quot;classic&quot;}\">\n\t\t\t\t<div class=\"elementor-element elementor-element-47e289c elementor-widget elementor-widget-price-table\" data-id=\"47e289c\" data-element_type=\"widget\" data-e-type=\"widget\" data-widget_type=\"price-table.default\">\n\t\t\t\t<div class=\"elementor-widget-container\">\n\t\t\t\t\t\n\t\t<div class=\"elementor-price-table\">\n\t\t\t\t\t\t\t<div class=\"elementor-price-table__header\">\n\t\t\t\t\t\t\t\t\t\t\t<h3 class=\"elementor-price-table__heading\">\n\t\t\t\t\t\tRecruto Crew System\t\t\t\t\t\t<\/h3>\n\t\t\t\t\t\n\t\t\t\t\t\t\t\t\t<\/div>\n\t\t\t\n\t\t\t<div class=\"elementor-price-table__price\">\n\t\t\t\t\t\t\t\t<span class=\"elementor-price-table__currency\">Fr\u00e5n<\/span>\t\t\t\t\t\t\t\t\t<span class=\"elementor-price-table__integer-part\">\n\t\t\t\t\t\t995kr\t\t\t\t\t<\/span>\n\t\t\t\t\n\t\t\t\t\t\t\t\t\t<div class=\"elementor-price-table__after-price\">\n\t\t\t\t\t\t<span class=\"elementor-price-table__fractional-part\">\n\t\t\t\t\t\t\t\t\t\t\t\t\t<\/span>\n\n\t\t\t\t\t\t\t\t\t\t\t\t\t<span class=\"elementor-price-table__period elementor-typo-excluded\">month<\/span>\t\t\t\t\t\t\t\t\t\t\t<\/div>\n\t\t\t\t\n\t\t\t\t\n\t\t\t\t\t\t\t<\/div>\n\n\t\t\t\t\t\t\t<ul class=\"elementor-price-table__features-list\">\n\t\t\t\t\t\t\t\t\t\t\t<li class=\"elementor-repeater-item-bd9d611\">\n\t\t\t\t\t\t\t<div class=\"elementor-price-table__feature-inner\">\n\t\t\t\t\t\t\t\t<svg aria-hidden=\"true\" class=\"e-font-icon-svg e-fas-check-circle\" viewBox=\"0 0 512 512\" xmlns=\"http:\/\/www.w3.org\/2000\/svg\"><path d=\"M504 256c0 136.967-111.033 248-248 248S8 392.967 8 256 119.033 8 256 8s248 111.033 248 248zM227.314 387.314l184-184c6.248-6.248 6.248-16.379 0-22.627l-22.627-22.627c-6.248-6.249-16.379-6.249-22.628 0L216 308.118l-70.059-70.059c-6.248-6.248-16.379-6.248-22.628 0l-22.627 22.627c-6.248 6.248-6.248 16.379 0 22.627l104 104c6.249 6.249 16.379 6.249 22.628.001z\"><\/path><\/svg>\t\t\t\t\t\t\t\t\t\t\t\t\t\t\t\t\t<span >\n\t\t\t\t\t\t\t\t\t\tFor 1 user and 1 *workplace.<br> Thereafter SEK 99\/month per new user\/workplace\t\t\t\t\t\t\t\t\t<\/span>\n\t\t\t\t\t\t\t\t\t\t\t\t\t\t\t\t<\/div>\n\t\t\t\t\t\t<\/li>\n\t\t\t\t\t\t\t\t\t\t\t<li class=\"elementor-repeater-item-89647ba\">\n\t\t\t\t\t\t\t<div class=\"elementor-price-table__feature-inner\">\n\t\t\t\t\t\t\t\t<svg aria-hidden=\"true\" class=\"e-font-icon-svg e-fas-check-circle\" viewBox=\"0 0 512 512\" xmlns=\"http:\/\/www.w3.org\/2000\/svg\"><path d=\"M504 256c0 136.967-111.033 248-248 248S8 392.967 8 256 119.033 8 256 8s248 111.033 248 248zM227.314 387.314l184-184c6.248-6.248 6.248-16.379 0-22.627l-22.627-22.627c-6.248-6.249-16.379-6.249-22.628 0L216 308.118l-70.059-70.059c-6.248-6.248-16.379-6.248-22.628 0l-22.627 22.627c-6.248 6.248-6.248 16.379 0 22.627l104 104c6.249 6.249 16.379 6.249 22.628.001z\"><\/path><\/svg>\t\t\t\t\t\t\t\t\t\t\t\t\t\t\t\t\t<span >\n\t\t\t\t\t\t\t\t\t\tStart-up fee: SEK 0\t\t\t\t\t\t\t\t\t<\/span>\n\t\t\t\t\t\t\t\t\t\t\t\t\t\t\t\t<\/div>\n\t\t\t\t\t\t<\/li>\n\t\t\t\t\t\t\t\t\t\t\t<li class=\"elementor-repeater-item-56425db\">\n\t\t\t\t\t\t\t<div class=\"elementor-price-table__feature-inner\">\n\t\t\t\t\t\t\t\t<svg aria-hidden=\"true\" class=\"e-font-icon-svg e-fas-check-circle\" viewBox=\"0 0 512 512\" xmlns=\"http:\/\/www.w3.org\/2000\/svg\"><path d=\"M504 256c0 136.967-111.033 248-248 248S8 392.967 8 256 119.033 8 256 8s248 111.033 248 248zM227.314 387.314l184-184c6.248-6.248 6.248-16.379 0-22.627l-22.627-22.627c-6.248-6.249-16.379-6.249-22.628 0L216 308.118l-70.059-70.059c-6.248-6.248-16.379-6.248-22.628 0l-22.627 22.627c-6.248 6.248-6.248 16.379 0 22.627l104 104c6.249 6.249 16.379 6.249 22.628.001z\"><\/path><\/svg>\t\t\t\t\t\t\t\t\t\t\t\t\t\t\t\t\t<span >\n\t\t\t\t\t\t\t\t\t\tTermination period: 1 month before the end of the agreement\t\t\t\t\t\t\t\t\t<\/span>\n\t\t\t\t\t\t\t\t\t\t\t\t\t\t\t\t<\/div>\n\t\t\t\t\t\t<\/li>\n\t\t\t\t\t\t\t\t\t\t\t<li class=\"elementor-repeater-item-9258937\">\n\t\t\t\t\t\t\t<div class=\"elementor-price-table__feature-inner\">\n\t\t\t\t\t\t\t\t<svg aria-hidden=\"true\" class=\"e-font-icon-svg e-fas-check-circle\" viewBox=\"0 0 512 512\" xmlns=\"http:\/\/www.w3.org\/2000\/svg\"><path d=\"M504 256c0 136.967-111.033 248-248 248S8 392.967 8 256 119.033 8 256 8s248 111.033 248 248zM227.314 387.314l184-184c6.248-6.248 6.248-16.379 0-22.627l-22.627-22.627c-6.248-6.249-16.379-6.249-22.628 0L216 308.118l-70.059-70.059c-6.248-6.248-16.379-6.248-22.628 0l-22.627 22.627c-6.248 6.248-6.248 16.379 0 22.627l104 104c6.249 6.249 16.379 6.249 22.628.001z\"><\/path><\/svg>\t\t\t\t\t\t\t\t\t\t\t\t\t\t\t\t\t<span >\n\t\t\t\t\t\t\t\t\t\tSMS cost: SEK 1\/pc\t\t\t\t\t\t\t\t\t<\/span>\n\t\t\t\t\t\t\t\t\t\t\t\t\t\t\t\t<\/div>\n\t\t\t\t\t\t<\/li>\n\t\t\t\t\t\t\t\t\t\t\t<li class=\"elementor-repeater-item-f3db899\">\n\t\t\t\t\t\t\t<div class=\"elementor-price-table__feature-inner\">\n\t\t\t\t\t\t\t\t\t\t\t\t\t\t\t\t\t\t<i class=\"\" aria-hidden=\"true\"><\/i>\n\t\t\t\t\t\t\t\t\t\t\t\t\t\t\t\t\t\t&nbsp;\t\t\t\t\t\t\t<\/div>\n\t\t\t\t\t\t<\/li>\n\t\t\t\t\t\t\t\t\t\t\t<li class=\"elementor-repeater-item-e30fb1b\">\n\t\t\t\t\t\t\t<div class=\"elementor-price-table__feature-inner\">\n\t\t\t\t\t\t\t\t\t\t\t\t\t\t\t\t\t\t<i class=\"\" aria-hidden=\"true\"><\/i>\n\t\t\t\t\t\t\t\t\t\t\t\t\t\t\t\t\t\t\t\t\t\t\t\t\t\t\t<span >\n\t\t\t\t\t\t\t\t\t\t* <em>Workplace is the unique physical address where you book your staff.<\/em>\t\t\t\t\t\t\t\t\t<\/span>\n\t\t\t\t\t\t\t\t\t\t\t\t\t\t\t\t<\/div>\n\t\t\t\t\t\t<\/li>\n\t\t\t\t\t\t\t\t\t<\/ul>\n\t\t\t\n\t\t\t\t\t\t\t<div class=\"elementor-price-table__footer\">\n\t\t\t\t\t\t\t\t\t\t\t<a class=\"elementor-price-table__button elementor-button elementor-size-xs elementor-animation-grow\" href=\"https:\/\/www.recruto.se\/pricer\/\">\n\t\t\t\t\t\t\tRead more\t\t\t\t\t\t<\/a>\n\t\t\t\t\t\n\t\t\t\t\t\t\t\t\t<\/div>\n\t\t\t\t\t<\/div>\n\n\t\t\t\t\t\t<\/div>\n\t\t\t\t<\/div>\n\t\t\t\t<\/div>\n\t\t\t\t\t<\/div>\n\t\t\t\t<\/div>\n\t\t\t\t<\/div>\n\t\t","protected":false},"excerpt":{"rendered":"<p>Employment as needed with Recruto P\u00e5 denna sida kommer du att f\u00e5 l\u00e4ra dig mer om Recrutos Bemanningssytem och dess unika funktioner. L\u00e4s vidare f\u00f6r att se hur Recruto kan hj\u00e4lpa dig\u00a0behovsanst\u00e4llning. Book a demo Simplify, streamline and quality-ensure the placement of your extra staff. Recrutos bemanningsysstem\u00a0s\u00e4kerst\u00e4ller att det alltid finns tillr\u00e4ckligt med resurser p\u00e5 [&hellip;]<\/p>\n","protected":false},"author":6,"featured_media":0,"parent":3089,"menu_order":0,"comment_status":"closed","ping_status":"closed","template":"","meta":{"_acf_changed":false,"footnotes":""},"class_list":["post-3091","page","type-page","status-publish","hentry"],"acf":[],"_links":{"self":[{"href":"https:\/\/www.recruto.se\/en\/wp-json\/wp\/v2\/pages\/3091","targetHints":{"allow":["GET"]}}],"collection":[{"href":"https:\/\/www.recruto.se\/en\/wp-json\/wp\/v2\/pages"}],"about":[{"href":"https:\/\/www.recruto.se\/en\/wp-json\/wp\/v2\/types\/page"}],"author":[{"embeddable":true,"href":"https:\/\/www.recruto.se\/en\/wp-json\/wp\/v2\/users\/6"}],"replies":[{"embeddable":true,"href":"https:\/\/www.recruto.se\/en\/wp-json\/wp\/v2\/comments?post=3091"}],"version-history":[{"count":0,"href":"https:\/\/www.recruto.se\/en\/wp-json\/wp\/v2\/pages\/3091\/revisions"}],"up":[{"embeddable":true,"href":"https:\/\/www.recruto.se\/en\/wp-json\/wp\/v2\/pages\/3089"}],"wp:attachment":[{"href":"https:\/\/www.recruto.se\/en\/wp-json\/wp\/v2\/media?parent=3091"}],"curies":[{"name":"wp","href":"https:\/\/api.w.org\/{rel}","templated":true}]}}